{"id":10949,"date":"2020-08-10T16:36:00","date_gmt":"2020-08-10T14:36:00","guid":{"rendered":"https:\/\/www.sylviatoledano.com\/mentions-legales\/"},"modified":"2020-08-30T10:06:02","modified_gmt":"2020-08-30T08:06:02","slug":"mentions-legales","status":"publish","type":"page","link":"https:\/\/old.sylviatoledano.com\/en\/mentions-legales\/","title":{"rendered":"Mentions l\u00e9gales"},"content":{"rendered":"<p>[et_pb_section fb_built=&#8221;1&#8243; admin_label=&#8221;section&#8221; _builder_version=&#8221;4.5.6&#8243; background_color=&#8221;rgba(130,130,130,0.11)&#8221; width=&#8221;96%&#8221; module_alignment=&#8221;center&#8221;][et_pb_row _builder_version=&#8221;4.5.5&#8243; _module_preset=&#8221;default&#8221; custom_padding=&#8221;2px||0px|||&#8221;][et_pb_column type=&#8221;4_4&#8243; _builder_version=&#8221;4.5.5&#8243; _module_preset=&#8221;default&#8221;][et_pb_text _builder_version=&#8221;4.5.8&#8243; _module_preset=&#8221;default&#8221; text_text_color=&#8221;#828282&#8243; header_2_text_color=&#8221;#828282&#8243; header_4_font=&#8221;Amiri||||||||&#8221; header_4_text_color=&#8221;#828282&#8243; width=&#8221;70%&#8221; module_alignment=&#8221;center&#8221; hover_enabled=&#8221;0&#8243; width_last_edited=&#8221;on|phone&#8221; header_text_color=&#8221;#828282&#8243; header_font_size_last_edited=&#8221;on|tablet&#8221; header_font_size=&#8221;28px&#8221; width_tablet=&#8221;90%&#8221; width_phone=&#8221;96%&#8221;]<\/p>\n<h1 style=\"text-align: left;\">MENTIONS L\u00c9GALES<\/h1>\n<p style=\"text-align: left;\"><span style=\"font-size: 16px;\"><\/span><\/p>\n<p style=\"text-align: left;\"><span style=\"font-size: 16px;\">Le site https:\/\/old.sylviatoledano.com est \u00e9dit\u00e9 par Sylvia Toledano Cr\u00e9ation (S.T.C.)\u00a0 SAS, au capital de 50 000 \u20ac, entreprise r\u00e9pertori\u00e9e dans SIRENE sous le num\u00e9ro d\u2019immatriculation 48773773600024 \u00a0\u00a0 et le code APE 7112B aupr\u00e8s du RCS de Paris et dont le si\u00e8ge social est sis au 23 Rue Danielle Casanova, 75001 Paris.<\/span><\/p>\n<p style=\"text-align: left;\">N\u00b0 de TVA intracommunautaire : FR 36487737736.<\/p>\n<p style=\"text-align: left;\">Directeur de la publication : M. Alain Toledano, Pr\u00e9sident de Sylvia Toledano Cr\u00e9ation (S.T.C.)\u00a0 SAS, info@sylviatoledano.com.<\/p>\n<p style=\"text-align: left;\">Le site est h\u00e9berg\u00e9 par PHPNET.org.<\/p>\n<p style=\"text-align: left;\">Le pr\u00e9sent site est en cours de d\u00e9claration aupr\u00e8s de l\u2019autorit\u00e9 fran\u00e7aise de protection des donn\u00e9es personnelles (la Commission Nationale de l\u2019Informatique et des Libert\u00e9s \u2013 CNIL).<\/p>\n<p style=\"text-align: left;\">\u00a9 Sylvia Toledano Cr\u00e9ation (S.T.C.)\u00a0 SAS \u2013 Tous droits r\u00e9serv\u00e9s \u2013 29 juillet 2015 \u2013 Mentions l\u00e9gales r\u00e9dig\u00e9es via l\u2019outil<span>\u00a0<\/span><a href=\"http:\/\/editioneo.com\/\" onclick=\"__gaTracker('send', 'event', 'outbound-article', 'http:\/\/editioneo.com', 'editioneo.com');\">editioneo.com<\/a><span>\u00a0<\/span>pour le compte de Sylvia Toledano Cr\u00e9ation (S.T.C.)\u00a0 SAS.<\/p>\n<h1 style=\"text-align: left;\"><\/h1>\n<h1 style=\"text-align: left;\"><\/h1>\n<h1 style=\"text-align: left;\">CHARTE D\u2019UTILISATION DES DONN\u00c9ES PERSONNELLES<\/h1>\n<p data-sectionid=\"36\" style=\"text-align: left;\">On d\u00e9signera par la suite:<\/p>\n<p style=\"text-align: left;\">\u2018Site\u2019 ou \u2018service\u2019 : le site https:\/\/old.sylviatoledano.com et l\u2019ensemble de ses pages.<br \/> \u2018Editeur\u2019 : Sylvia Toledano Cr\u00e9ation (S.T.C.)\u00a0, responsable de l\u2019\u00e9dition et du contenu du site https:\/\/old.sylviatoledano.com.<br \/> \u2018Utilisateur\u2019 : L\u2019internaute visitant et utilisant les services du site https:\/\/old.sylviatoledano.com.<\/p>\n<h2 style=\"text-align: left;\"><\/h2>\n<h2 style=\"text-align: left;\"><\/h2>\n<h2 style=\"text-align: left;\">INTRODUCTION ET R\u00d4LE DE LA CHARTE<\/h2>\n<p data-sectionid=\"37\" style=\"text-align: left;\">La pr\u00e9sente charte vise \u00e0 vous informer des engagements du site https:\/\/old.sylviatoledano.com eu \u00e9gard au respect de votre vie priv\u00e9e et \u00e0 la protection des donn\u00e9es personnelles vous concernant, collect\u00e9es et trait\u00e9es \u00e0 l\u2019occasion de votre utilisation du service.<\/p>\n<p style=\"text-align: left;\">En vous inscrivant sur le site, vous vous engagez \u00e0 nous fournir des informations v\u00e9ritables vous concernant. La communication de fausses informations est contraire aux Conditions G\u00e9n\u00e9rales figurant sur le site.<br \/> Vous pouvez \u00e0 n\u2019importe quel moment faire une demande aupr\u00e8s de https:\/\/old.sylviatoledano.com afin de savoir quelles informations vous concernant sont d\u00e9tenues par https:\/\/old.sylviatoledano.com, de vous opposer \u00e0 leur traitement, de les faire modifier ou supprimer et ce, en contactant le directeur de publication \u00e0 l\u2019adresse info@sylviatoledano.com.<\/p>\n<h2 style=\"text-align: left;\"><\/h2>\n<h2 style=\"text-align: left;\"><\/h2>\n<h2 style=\"text-align: left;\">DONN\u00c9ES COLLECT\u00c9ES SUR LE SITE<\/h2>\n<p data-sectionid=\"38\" style=\"text-align: left;\">Les donn\u00e9es collect\u00e9es et ult\u00e9rieurement trait\u00e9es par le site sont celles que vous nous transmettez volontairement en remplissant les diff\u00e9rents formulaires pr\u00e9sents au sein du site. Pour certaines op\u00e9rations sur les contenus, vous pourrez \u00eatre amen\u00e9s \u00e0 transmettre des donn\u00e9es vous concernant \u00e0 des tiers partenaires au travers de leurs propres services, plus sp\u00e9cifiquement lors des paiements que vous pourrez effectuer. Nous ne disposerons pas desdites donn\u00e9es, leur collecte et leur traitement \u00e9tant r\u00e9gis par les conditions propres \u00e0 ces intervenants. Nous vous invitons \u00e0 consulter les conditions avant de communiquer vos donn\u00e9es dans ce cadre.<\/p>\n<p style=\"text-align: left;\">Votre adresse IP (num\u00e9ro d\u2019identification attribu\u00e9 sur Internet \u00e0 votre ordinateur) est collect\u00e9e automatiquement. Vous \u00eates inform\u00e9s que le service est susceptible de mettre en \u0153uvre un proc\u00e9d\u00e9 automatique de tra\u00e7age (Cookie), auquel vous pouvez faire obstacle en modifiant les param\u00e8tres concern\u00e9s de votre navigateur internet, comme expliqu\u00e9 dans les conditions g\u00e9n\u00e9rales du pr\u00e9sent site.<\/p>\n<p style=\"text-align: left;\">Les coordonn\u00e9es des utilisateurs du site qui se seront inscrits sur celui-ci seront sauvegard\u00e9es, dans le respect des dispositions de la loi informatique et libert\u00e9 du 6 janvier 1978. Conform\u00e9ment \u00e0 cette derni\u00e8re, ils disposent d\u2019un droit d\u2019acc\u00e8s, de retrait, de modification ou de rectification des donn\u00e9es qu\u2019ils ont fournies. Pour cela, il leur suffit d\u2019en faire la demande \u00e0 l\u2019adresse \u00e9lectronique suivante : info@sylviatoledano.com.<\/p>\n<p style=\"text-align: left;\">La collecte des donn\u00e9es personnelles des membres par l\u2019\u00e9diteur du pr\u00e9sent site est en cours de d\u00e9claration aupr\u00e8s de l\u2019autorit\u00e9 fran\u00e7aise de protection des donn\u00e9es personnelles (la Commission Nationale de l\u2019Informatique et des Libert\u00e9s \u2013 CNIL).<\/p>\n<h2 style=\"text-align: left;\">FINALIT\u00c9S DES DONN\u00c9ES COLLECT\u00c9ES<\/h2>\n<p data-sectionid=\"39\" style=\"text-align: left;\">Les donn\u00e9es identifi\u00e9es comme \u00e9tant obligatoires sur les formulaires du site sont n\u00e9cessaires afin de pouvoir b\u00e9n\u00e9ficier des fonctionnalit\u00e9s correspondantes du site, et plus sp\u00e9cifiquement des op\u00e9rations sur les contenus propos\u00e9s au sein de celui-ci.<br \/> Les donn\u00e9es collect\u00e9es automatiquement par notre service pourront permettre d\u2019effectuer des statistiques quant \u00e0 la consultation de ses pages web.<\/p>\n<h2 style=\"text-align: left;\">DESTINATAIRES ET UTILISATION DES DONN\u00c9ES COLLECT\u00c9ES<\/h2>\n<p data-sectionid=\"40\" style=\"text-align: left;\">Vos donn\u00e9es collect\u00e9es par nos soins sont trait\u00e9es pour les besoins d\u2019ex\u00e9cution des op\u00e9rations sur les contenus du service.<\/p>\n<p style=\"text-align: left;\">Vous \u00eates susceptible de recevoir des courriers \u00e9lectroniques de notre service, notamment dans le cadre de newsletters. Vous pouvez demander \u00e0 ne plus recevoir ces courriers \u00e9lectroniques en nous contactant \u00e0 l\u2019adresse info@sylviatoledano.com ou sur le lien pr\u00e9vu \u00e0 cet effet dans chacun des courriers \u00e9lectroniques qui vous seront adress\u00e9s.<\/p>\n<h2 style=\"text-align: left;\"><\/h2>\n<h2 style=\"text-align: left;\">S\u00c9CURIT\u00c9 DES DONN\u00c9ES<\/h2>\n<p data-sectionid=\"41\" style=\"text-align: left;\">Vous \u00eates inform\u00e9s que vos donn\u00e9es pourront \u00eatre divulgu\u00e9es en application d\u2019une loi, d\u2019un r\u00e8glement ou en vertu d\u2019une d\u00e9cision d\u2019une autorit\u00e9 r\u00e9glementaire ou judiciaire comp\u00e9tente ou encore, si cela s\u2019av\u00e8re n\u00e9cessaire, aux fins, pour l\u2019Editeur, de pr\u00e9server ses droits et int\u00e9r\u00eats.<\/p>\n<h2 style=\"text-align: left;\"><\/h2>\n<h2 style=\"text-align: left;\"><\/h2>\n<h2 style=\"text-align: left;\">DUR\u00c9E DE CONSERVATION DES DONN\u00c9ES<\/h2>\n<p data-sectionid=\"42\" style=\"text-align: left;\">Les donn\u00e9es sont stock\u00e9es chez l\u2019h\u00e9bergeur du site https:\/\/old.sylviatoledano.com, dont les coordonn\u00e9es figurent dans les Mentions L\u00e9gales du site, et sont conserv\u00e9es pour la dur\u00e9e strictement n\u00e9cessaire \u00e0 la r\u00e9alisation des finalit\u00e9s vis\u00e9es ci-avant. Au-del\u00e0 de cette dur\u00e9e, elles seront conserv\u00e9es \u00e0 des fins exclusivement statistiques et ne donneront lieu \u00e0 aucune exploitation, de quelque nature que ce soit.<\/p>\n<p style=\"text-align: left;\">\u00a9 Sylvia Toledano Cr\u00e9ation (S.T.C.)\u00a0 \u2013 Tous droits r\u00e9serv\u00e9s \u2013 29 juillet 2015 \u2013 Charte d\u2019utilisation des donn\u00e9es personnelles r\u00e9dig\u00e9e via l\u2019outil<span>\u00a0<\/span><a href=\"http:\/\/editioneo.com\/\" onclick=\"__gaTracker('send', 'event', 'outbound-article', 'http:\/\/editioneo.com', 'editioneo.com');\">editioneo.com<\/a><span>\u00a0<\/span>pour le compte de Sylvia Toledano Cr\u00e9ation (S.T.C.)\u00a0 .<\/p>\n<p>[\/et_pb_text][\/et_pb_column][\/et_pb_row][\/et_pb_section]<\/p>\n<span class=\"et_bloom_bottom_trigger\"><\/span>","protected":false},"excerpt":{"rendered":"<p>MENTIONS L\u00c9GALES Le site https:\/\/old.sylviatoledano.com est \u00e9dit\u00e9 par Sylvia Toledano Cr\u00e9ation (S.T.C.)\u00a0 SAS, au capital de 50 000 \u20ac, entreprise r\u00e9pertori\u00e9e dans SIRENE sous le num\u00e9ro d\u2019immatriculation 48773773600024 \u00a0\u00a0 et le code APE 7112B aupr\u00e8s du RCS de Paris et dont le si\u00e8ge social est sis au 23 Rue Danielle Casanova, 75001 Paris. N\u00b0 de [&hellip;]<\/p>\n","protected":false},"author":1,"featured_media":0,"parent":0,"menu_order":0,"comment_status":"closed","ping_status":"closed","template":"","meta":{"_et_pb_use_builder":"on","_et_pb_old_content":"","_et_gb_content_width":"","inline_featured_image":false,"footnotes":""},"class_list":["post-10949","page","type-page","status-publish","hentry"],"jetpack_sharing_enabled":true,"_links":{"self":[{"href":"https:\/\/old.sylviatoledano.com\/en\/wp-json\/wp\/v2\/pages\/10949","targetHints":{"allow":["GET"]}}],"collection":[{"href":"https:\/\/old.sylviatoledano.com\/en\/wp-json\/wp\/v2\/pages"}],"about":[{"href":"https:\/\/old.sylviatoledano.com\/en\/wp-json\/wp\/v2\/types\/page"}],"author":[{"embeddable":true,"href":"https:\/\/old.sylviatoledano.com\/en\/wp-json\/wp\/v2\/users\/1"}],"replies":[{"embeddable":true,"href":"https:\/\/old.sylviatoledano.com\/en\/wp-json\/wp\/v2\/comments?post=10949"}],"version-history":[{"count":1,"href":"https:\/\/old.sylviatoledano.com\/en\/wp-json\/wp\/v2\/pages\/10949\/revisions"}],"predecessor-version":[{"id":10954,"href":"https:\/\/old.sylviatoledano.com\/en\/wp-json\/wp\/v2\/pages\/10949\/revisions\/10954"}],"wp:attachment":[{"href":"https:\/\/old.sylviatoledano.com\/en\/wp-json\/wp\/v2\/media?parent=10949"}],"curies":[{"name":"wp","href":"https:\/\/api.w.org\/{rel}","templated":true}]}}